{"id":128,"date":"2022-11-10T12:00:04","date_gmt":"2022-11-10T11:00:04","guid":{"rendered":"https:\/\/mspterapiacusare.ro\/?page_id=128"},"modified":"2024-10-03T11:29:14","modified_gmt":"2024-10-03T08:29:14","slug":"contact","status":"publish","type":"page","link":"https:\/\/mspterapiacusare.ro\/ro\/contact\/","title":{"rendered":"Contact"},"content":{"rendered":"<div data-elementor-type=\"wp-page\" data-elementor-id=\"128\" class=\"elementor elementor-128\" data-elementor-post-type=\"page\">\n\t\t\t\t\t\t<section class=\"elementor-section elementor-top-section elementor-element elementor-element-b675c12 elementor-section-boxed elementor-section-height-default elementor-section-height-default\" data-id=\"b675c12\" data-element_type=\"section\">\n\t\t\t\t\t\t<div class=\"elementor-container elementor-column-gap-default\">\n\t\t\t\t\t<div class=\"elementor-column elementor-col-100 elementor-top-column elementor-element elementor-element-789c58d\" data-id=\"789c58d\" data-element_type=\"column\">\n\t\t\t<div class=\"elementor-widget-wrap elementor-element-populated\">\n\t\t\t\t\t\t<div class=\"elementor-element elementor-element-bdee46e elementor-widget elementor-widget-heading\" data-id=\"bdee46e\" data-element_type=\"widget\" data-widget_type=\"heading.default\">\n\t\t\t\t<div class=\"elementor-widget-container\">\n\t\t\t<h4 class=\"elementor-heading-title elementor-size-default\">Contact, detalii de contact<\/h4>\t\t<\/div>\n\t\t\t\t<\/div>\n\t\t\t\t\t<\/div>\n\t\t<\/div>\n\t\t\t\t\t<\/div>\n\t\t<\/section>\n\t\t\t\t<section class=\"elementor-section elementor-top-section elementor-element elementor-element-098ba99 elementor-section-boxed elementor-section-height-default elementor-section-height-default\" data-id=\"098ba99\" data-element_type=\"section\">\n\t\t\t\t\t\t<div class=\"elementor-container elementor-column-gap-default\">\n\t\t\t\t\t<div class=\"elementor-column elementor-col-100 elementor-top-column elementor-element elementor-element-c63f3ee\" data-id=\"c63f3ee\" data-element_type=\"column\">\n\t\t\t<div class=\"elementor-widget-wrap elementor-element-populated\">\n\t\t\t\t\t\t<div class=\"elementor-element elementor-element-f224ec7 elementor-widget elementor-widget-text-editor\" data-id=\"f224ec7\" data-element_type=\"widget\" data-widget_type=\"text-editor.default\">\n\t\t\t\t<div class=\"elementor-widget-container\">\n\t\t\t\t\t\t\t<p>Operatorul site-ului mspterapiacusare.ro<\/p><p>VLP TRADE Kft.<\/p><p>Ofertele prezentate pe mspterapiacusare.ro sunt garantate doar p\u00e2n\u0103 la expirarea ofertei \u0219i pot fi achizi\u021bionate \u00een termenii \u0219i condi\u021biile din <a href=\"https:\/\/mspterapiacusare.ro\/ro\/terms-and-conditions\/\" target=\"_blank\" rel=\"noopener\">TCG<\/a>\u00a0.<\/p><p><a href=\"https:\/\/mspterapiacusare.ro\/ro\/terms-and-conditions\/\">https:\/\/mspterapiacusare.ro\/ro\/terms-and-conditions\/<\/a><\/p><p>Persoan\u0103 de contact:<\/p><p>VLP TRADE Kft.<\/p><p>HU \u2013 9012 Gy\u0151r, Gy\u0151zelem utca 3. B.<\/p><p>E-mail: info@mspterapiacusare.ro<\/p>\t\t\t\t\t\t<\/div>\n\t\t\t\t<\/div>\n\t\t\t\t\t<\/div>\n\t\t<\/div>\n\t\t\t\t\t<\/div>\n\t\t<\/section>\n\t\t\t\t<\/div>","protected":false},"excerpt":{"rendered":"<p>Kapcsolat, el\u00e9rhet\u0151s\u00e9gek Az mspterapiacusare.ro weboldal \u00fczemeltet\u0151je VLP TRADE Kft. Az mspterapiacusare.ro-n bemutatott aj\u00e1nlatok csak az aj\u00e1nlat \u00e9rv\u00e9nyess\u00e9gi idej\u00e9ig garant\u00e1ltak, megv\u00e1s\u00e1rolhat\u00f3k az TCG\u00a0szerinti felt\u00e9telekkel. https:\/\/mspterapiacusare.ro\/ro\/terms-and-conditions\/ Kapcsolat: VLP TRADE Kft. HU \u2013 9012 Gy\u0151r, Gy\u0151zelem utca 3. B. E-mail: info@mspterapiacusare.ro<\/p>","protected":false},"author":1,"featured_media":0,"parent":0,"menu_order":0,"comment_status":"closed","ping_status":"closed","template":"elementor_header_footer","meta":{"footnotes":""},"class_list":["post-128","page","type-page","status-publish"],"_links":{"self":[{"href":"https:\/\/mspterapiacusare.ro\/ro\/wp-json\/wp\/v2\/pages\/128","targetHints":{"allow":["GET"]}}],"collection":[{"href":"https:\/\/mspterapiacusare.ro\/ro\/wp-json\/wp\/v2\/pages"}],"about":[{"href":"https:\/\/mspterapiacusare.ro\/ro\/wp-json\/wp\/v2\/types\/page"}],"author":[{"embeddable":true,"href":"https:\/\/mspterapiacusare.ro\/ro\/wp-json\/wp\/v2\/users\/1"}],"replies":[{"embeddable":true,"href":"https:\/\/mspterapiacusare.ro\/ro\/wp-json\/wp\/v2\/comments?post=128"}],"version-history":[{"count":19,"href":"https:\/\/mspterapiacusare.ro\/ro\/wp-json\/wp\/v2\/pages\/128\/revisions"}],"predecessor-version":[{"id":5179,"href":"https:\/\/mspterapiacusare.ro\/ro\/wp-json\/wp\/v2\/pages\/128\/revisions\/5179"}],"wp:attachment":[{"href":"https:\/\/mspterapiacusare.ro\/ro\/wp-json\/wp\/v2\/media?parent=128"}],"curies":[{"name":"wp","href":"https:\/\/api.w.org\/{rel}","templated":true}]}}