{"id":3821,"date":"2022-11-16T16:04:58","date_gmt":"2022-11-16T15:04:58","guid":{"rendered":"https:\/\/mspterapiacusare.ro\/?page_id=3821"},"modified":"2024-10-03T11:34:11","modified_gmt":"2024-10-03T08:34:11","slug":"comanda","status":"publish","type":"page","link":"https:\/\/mspterapiacusare.ro\/ro\/comanda\/","title":{"rendered":"Megrendel\u00e9s"},"content":{"rendered":"<div data-elementor-type=\"wp-page\" data-elementor-id=\"3821\" class=\"elementor elementor-3821\" data-elementor-post-type=\"page\">\n\t\t\t\t\t\t<section class=\"elementor-section elementor-top-section elementor-element elementor-element-c25f986 elementor-section-boxed elementor-section-height-default elementor-section-height-default\" data-id=\"c25f986\" data-element_type=\"section\">\n\t\t\t\t\t\t<div class=\"elementor-container elementor-column-gap-default\">\n\t\t\t\t\t<div class=\"elementor-column elementor-col-100 elementor-top-column elementor-element elementor-element-fd93b17\" data-id=\"fd93b17\" data-element_type=\"column\">\n\t\t\t<div class=\"elementor-widget-wrap elementor-element-populated\">\n\t\t\t\t\t\t<div class=\"elementor-element elementor-element-117d75e elementor-widget elementor-widget-image\" data-id=\"117d75e\" data-element_type=\"widget\" data-widget_type=\"image.default\">\n\t\t\t\t<div class=\"elementor-widget-container\">\n\t\t\t\t\t\t\t\t\t\t\t\t\t<img fetchpriority=\"high\" decoding=\"async\" width=\"768\" height=\"384\" src=\"https:\/\/mspterapiacusare.ro\/wp-content\/uploads\/2023\/03\/MountainSaltPipePipaAkcio4-ro.jpg\" class=\"attachment-medium_large size-medium_large wp-image-3426\" alt=\"\" srcset=\"\" sizes=\"(max-width: 768px) 100vw, 768px\" data-srcset=\"\" \/>\t\t\t\t\t\t\t\t\t\t\t\t\t<\/div>\n\t\t\t\t<\/div>\n\t\t\t\t\t<\/div>\n\t\t<\/div>\n\t\t\t\t\t<\/div>\n\t\t<\/section>\n\t\t\t\t<section class=\"elementor-section elementor-top-section elementor-element elementor-element-35d3055 elementor-section-boxed elementor-section-height-default elementor-section-height-default\" data-id=\"35d3055\" data-element_type=\"section\">\n\t\t\t\t\t\t<div class=\"elementor-container elementor-column-gap-default\">\n\t\t\t\t\t<div class=\"elementor-column elementor-col-100 elementor-top-column elementor-element elementor-element-43a6a80\" data-id=\"43a6a80\" data-element_type=\"column\">\n\t\t\t<div class=\"elementor-widget-wrap elementor-element-populated\">\n\t\t\t\t\t\t<div class=\"elementor-element elementor-element-25c67e7 elementor-widget elementor-widget-heading\" data-id=\"25c67e7\" data-element_type=\"widget\" data-widget_type=\"heading.default\">\n\t\t\t\t<div class=\"elementor-widget-container\">\n\t\t\t<h3 class=\"elementor-heading-title elementor-size-default\">Vreau s\u0103 comand  inhalatorul ceramic MSP<\/h3>\t\t<\/div>\n\t\t\t\t<\/div>\n\t\t\t\t\t<\/div>\n\t\t<\/div>\n\t\t\t\t\t<\/div>\n\t\t<\/section>\n\t\t\t\t<section class=\"elementor-section elementor-top-section elementor-element elementor-element-b333cf9 elementor-section-boxed elementor-section-height-default elementor-section-height-default\" data-id=\"b333cf9\" data-element_type=\"section\">\n\t\t\t\t\t\t<div class=\"elementor-container elementor-column-gap-default\">\n\t\t\t\t\t<div class=\"elementor-column elementor-col-100 elementor-top-column elementor-element elementor-element-8e16ba3\" data-id=\"8e16ba3\" data-element_type=\"column\">\n\t\t\t<div class=\"elementor-widget-wrap elementor-element-populated\">\n\t\t\t\t\t\t<div class=\"elementor-element elementor-element-efe22e7 elementor-widget elementor-widget-heading\" data-id=\"efe22e7\" data-element_type=\"widget\" data-widget_type=\"heading.default\">\n\t\t\t\t<div class=\"elementor-widget-container\">\n\t\t\t<h3 class=\"elementor-heading-title elementor-size-default\">pentru 125 RON<\/h3>\t\t<\/div>\n\t\t\t\t<\/div>\n\t\t\t\t\t<\/div>\n\t\t<\/div>\n\t\t\t\t\t<\/div>\n\t\t<\/section>\n\t\t\t\t<section class=\"elementor-section elementor-top-section elementor-element elementor-element-c88100f elementor-section-boxed elementor-section-height-default elementor-section-height-default\" data-id=\"c88100f\" data-element_type=\"section\">\n\t\t\t\t\t\t<div class=\"elementor-container elementor-column-gap-default\">\n\t\t\t\t\t<div class=\"elementor-column elementor-col-100 elementor-top-column elementor-element elementor-element-720e54a\" data-id=\"720e54a\" data-element_type=\"column\">\n\t\t\t<div class=\"elementor-widget-wrap elementor-element-populated\">\n\t\t\t\t\t\t<div class=\"elementor-element elementor-element-bb2fbe9 elementor-widget elementor-widget-heading\" data-id=\"bb2fbe9\" data-element_type=\"widget\" data-widget_type=\"heading.default\">\n\t\t\t\t<div class=\"elementor-widget-container\">\n\t\t\t<h4 class=\"elementor-heading-title elementor-size-small\">Cump\u0103ra\u021bi unul, primi\u021bi dou\u0103 \u00een ofert\u0103 special\u0103!<\/h4>\t\t<\/div>\n\t\t\t\t<\/div>\n\t\t\t\t\t<\/div>\n\t\t<\/div>\n\t\t\t\t\t<\/div>\n\t\t<\/section>\n\t\t\t\t<section class=\"elementor-section elementor-top-section elementor-element elementor-element-3a9b75d elementor-section-boxed elementor-section-height-default elementor-section-height-default\" data-id=\"3a9b75d\" data-element_type=\"section\">\n\t\t\t\t\t\t<div class=\"elementor-container elementor-column-gap-default\">\n\t\t\t\t\t<div class=\"elementor-column elementor-col-100 elementor-top-column elementor-element elementor-element-e56681e\" data-id=\"e56681e\" data-element_type=\"column\">\n\t\t\t<div class=\"elementor-widget-wrap\">\n\t\t\t\t\t\t\t<\/div>\n\t\t<\/div>\n\t\t\t\t\t<\/div>\n\t\t<\/section>\n\t\t\t\t<section class=\"elementor-section elementor-top-section elementor-element elementor-element-526ebaa elementor-section-boxed elementor-section-height-default elementor-section-height-default\" data-id=\"526ebaa\" data-element_type=\"section\">\n\t\t\t\t\t\t<div class=\"elementor-container elementor-column-gap-default\">\n\t\t\t\t\t<div class=\"elementor-column elementor-col-100 elementor-top-column elementor-element elementor-element-9442206\" data-id=\"9442206\" data-element_type=\"column\">\n\t\t\t<div class=\"elementor-widget-wrap\">\n\t\t\t\t\t\t\t<\/div>\n\t\t<\/div>\n\t\t\t\t\t<\/div>\n\t\t<\/section>\n\t\t\t\t<section class=\"elementor-section elementor-top-section elementor-element elementor-element-b56350a elementor-section-boxed elementor-section-height-default elementor-section-height-default\" data-id=\"b56350a\" data-element_type=\"section\">\n\t\t\t\t\t\t<div class=\"elementor-container elementor-column-gap-default\">\n\t\t\t\t\t<div class=\"elementor-column elementor-col-100 elementor-top-column elementor-element elementor-element-8569860\" data-id=\"8569860\" data-element_type=\"column\">\n\t\t\t<div class=\"elementor-widget-wrap elementor-element-populated\">\n\t\t\t\t\t\t<div class=\"elementor-element elementor-element-3da1f21 animated-slow elementor-invisible elementor-widget elementor-widget-heading\" data-id=\"3da1f21\" data-element_type=\"widget\" data-settings=\"{&quot;_animation&quot;:&quot;flash&quot;}\" data-widget_type=\"heading.default\">\n\t\t\t\t<div class=\"elementor-widget-container\">\n\t\t\t<h3 class=\"elementor-heading-title elementor-size-default\">ATEN\u021aIE! Livrarea este gratuit\u0103 pentru comenzile de peste 150 RON!<\/h3>\t\t<\/div>\n\t\t\t\t<\/div>\n\t\t\t\t<div class=\"elementor-element elementor-element-580baeb elementor-add-to-cart--align-justify elementor-widget elementor-widget-wc-add-to-cart\" data-id=\"580baeb\" data-element_type=\"widget\" data-widget_type=\"wc-add-to-cart.default\">\n\t\t\t\t<div class=\"elementor-widget-container\">\n\t\t\t\t\t\t\t<div class=\"elementor-button-wrapper\">\n\t\t\t\t\t<a rel=\"nofollow\" href=\"?add-to-cart=3816\" data-quantity=\"1\" data-product_id=\"3816\" class=\"product_type_simple add_to_cart_button ajax_add_to_cart elementor-button elementor-size-xl\" role=\"button\">\n\t\t\t\t\t\t<span class=\"elementor-button-content-wrapper\">\n\t\t\t\t\t\t\t\t\t<span class=\"elementor-button-text\">Continua\u021bi la plat\u0103<\/span>\n\t\t\t\t\t<\/span>\n\t\t\t\t\t<\/a>\n\t\t\t\t<\/div>\n\t\t\t\t\t\t<\/div>\n\t\t\t\t<\/div>\n\t\t\t\t<div class=\"elementor-element elementor-element-adf8d5e elementor-widget elementor-widget-spacer\" data-id=\"adf8d5e\" data-element_type=\"widget\" data-widget_type=\"spacer.default\">\n\t\t\t\t<div class=\"elementor-widget-container\">\n\t\t\t\t\t<div class=\"elementor-spacer\">\n\t\t\t<div class=\"elementor-spacer-inner\"><\/div>\n\t\t<\/div>\n\t\t\t\t<\/div>\n\t\t\t\t<\/div>\n\t\t\t\t<div class=\"elementor-element elementor-element-00ae16b elementor-widget elementor-widget-heading\" data-id=\"00ae16b\" data-element_type=\"widget\" data-widget_type=\"heading.default\">\n\t\t\t\t<div class=\"elementor-widget-container\">\n\t\t\t<h3 class=\"elementor-heading-title elementor-size-default\">Vreau s\u0103 comand inhalatorul de sare ceramic\u0103 1+1 MSP la 125 RON \u0219i vreau s\u0103 comand \u0219i un sac de sare de rezerv\u0103 \u00een loc de 50 RON acum la NUMAI:<\/h3>\t\t<\/div>\n\t\t\t\t<\/div>\n\t\t\t\t<div class=\"elementor-element elementor-element-8831f18 elementor-widget elementor-widget-heading\" data-id=\"8831f18\" data-element_type=\"widget\" data-widget_type=\"heading.default\">\n\t\t\t\t<div class=\"elementor-widget-container\">\n\t\t\t<h3 class=\"elementor-heading-title elementor-size-default\">35 RON<\/h3>\t\t<\/div>\n\t\t\t\t<\/div>\n\t\t\t\t<div class=\"elementor-element elementor-element-bb06b5f elementor-widget elementor-widget-heading\" data-id=\"bb06b5f\" data-element_type=\"widget\" data-widget_type=\"heading.default\">\n\t\t\t\t<div class=\"elementor-widget-container\">\n\t\t\t<h3 class=\"elementor-heading-title elementor-size-default\">Tot \u00een oferta special\u0103 pl\u0103te\u0219ti una, prime\u0219ti dou\u0103.<\/h3>\t\t<\/div>\n\t\t\t\t<\/div>\n\t\t\t\t<div class=\"elementor-element elementor-element-d0e5872 animated-slow elementor-invisible elementor-widget elementor-widget-heading\" data-id=\"d0e5872\" data-element_type=\"widget\" data-settings=\"{&quot;_animation&quot;:&quot;flash&quot;}\" data-widget_type=\"heading.default\">\n\t\t\t\t<div class=\"elementor-widget-container\">\n\t\t\t<h3 class=\"elementor-heading-title elementor-size-default\">Deci cu livrare gratuit\u0103!<\/h3>\t\t<\/div>\n\t\t\t\t<\/div>\n\t\t\t\t<div class=\"elementor-element elementor-element-3eb86e8 elementor-widget elementor-widget-image\" data-id=\"3eb86e8\" data-element_type=\"widget\" data-widget_type=\"image.default\">\n\t\t\t\t<div class=\"elementor-widget-container\">\n\t\t\t\t\t\t\t\t\t\t\t\t\t<img decoding=\"async\" width=\"768\" height=\"593\" src=\"https:\/\/mspterapiacusare.ro\/wp-content\/uploads\/2022\/11\/MountainSaltPipePipaSozsakAkcio-768x593.jpg\" class=\"attachment-medium_large size-medium_large wp-image-3575\" alt=\"\" srcset=\"https:\/\/mspterapiacusare.ro\/wp-content\/uploads\/2022\/11\/MountainSaltPipePipaSozsakAkcio-768x593.jpg 768w, https:\/\/mspterapiacusare.ro\/wp-content\/uploads\/2022\/11\/MountainSaltPipePipaSozsakAkcio-600x464.jpg 600w, https:\/\/mspterapiacusare.ro\/wp-content\/uploads\/2022\/11\/MountainSaltPipePipaSozsakAkcio-300x232.jpg 300w, https:\/\/mspterapiacusare.ro\/wp-content\/uploads\/2022\/11\/MountainSaltPipePipaSozsakAkcio.jpg 800w\" sizes=\"(max-width: 768px) 100vw, 768px\" \/>\t\t\t\t\t\t\t\t\t\t\t\t\t<\/div>\n\t\t\t\t<\/div>\n\t\t\t\t\t<\/div>\n\t\t<\/div>\n\t\t\t\t\t<\/div>\n\t\t<\/section>\n\t\t\t\t<section class=\"elementor-section elementor-top-section elementor-element elementor-element-f2cd68d elementor-section-boxed elementor-section-height-default elementor-section-height-default\" data-id=\"f2cd68d\" data-element_type=\"section\">\n\t\t\t\t\t\t<div class=\"elementor-container elementor-column-gap-default\">\n\t\t\t\t\t<div class=\"elementor-column elementor-col-100 elementor-top-column elementor-element elementor-element-6952c77\" data-id=\"6952c77\" data-element_type=\"column\">\n\t\t\t<div class=\"elementor-widget-wrap\">\n\t\t\t\t\t\t\t<\/div>\n\t\t<\/div>\n\t\t\t\t\t<\/div>\n\t\t<\/section>\n\t\t\t\t<section class=\"elementor-section elementor-top-section elementor-element elementor-element-dd354db elementor-reverse-mobile elementor-section-boxed elementor-section-height-default elementor-section-height-default\" data-id=\"dd354db\" data-element_type=\"section\">\n\t\t\t\t\t\t<div class=\"elementor-container elementor-column-gap-default\">\n\t\t\t\t\t<div class=\"elementor-column elementor-col-100 elementor-top-column elementor-element elementor-element-f197148\" data-id=\"f197148\" data-element_type=\"column\">\n\t\t\t<div class=\"elementor-widget-wrap elementor-element-populated\">\n\t\t\t\t\t\t<div class=\"elementor-element elementor-element-d3394be elementor-add-to-cart--align-justify elementor-widget elementor-widget-wc-add-to-cart\" data-id=\"d3394be\" data-element_type=\"widget\" data-widget_type=\"wc-add-to-cart.default\">\n\t\t\t\t<div class=\"elementor-widget-container\">\n\t\t\t\t\t\t\t<div class=\"elementor-button-wrapper\">\n\t\t\t\t\t<a rel=\"nofollow\" href=\"?add-to-cart=3816\" data-quantity=\"1\" data-product_id=\"3816\" class=\"product_type_simple add_to_cart_button ajax_add_to_cart elementor-button elementor-size-xl\" role=\"button\">\n\t\t\t\t\t\t<span class=\"elementor-button-content-wrapper\">\n\t\t\t\t\t\t\t\t\t<span class=\"elementor-button-text\">Continua\u021bi la plat\u0103<\/span>\n\t\t\t\t\t<\/span>\n\t\t\t\t\t<\/a>\n\t\t\t\t<\/div>\n\t\t\t\t\t\t<\/div>\n\t\t\t\t<\/div>\n\t\t\t\t\t<\/div>\n\t\t<\/div>\n\t\t\t\t\t<\/div>\n\t\t<\/section>\n\t\t\t\t<section class=\"elementor-section elementor-top-section elementor-element elementor-element-bf926c9 elementor-section-boxed elementor-section-height-default elementor-section-height-default\" data-id=\"bf926c9\" data-element_type=\"section\">\n\t\t\t\t\t\t<div class=\"elementor-container elementor-column-gap-default\">\n\t\t\t\t\t<div class=\"elementor-column elementor-col-100 elementor-top-column elementor-element elementor-element-0241217\" data-id=\"0241217\" data-element_type=\"column\">\n\t\t\t<div class=\"elementor-widget-wrap elementor-element-populated\">\n\t\t\t\t\t\t<div class=\"elementor-element elementor-element-219d9f3 elementor-widget elementor-widget-spacer\" data-id=\"219d9f3\" data-element_type=\"widget\" data-widget_type=\"spacer.default\">\n\t\t\t\t<div class=\"elementor-widget-container\">\n\t\t\t\t\t<div class=\"elementor-spacer\">\n\t\t\t<div class=\"elementor-spacer-inner\"><\/div>\n\t\t<\/div>\n\t\t\t\t<\/div>\n\t\t\t\t<\/div>\n\t\t\t\t\t<\/div>\n\t\t<\/div>\n\t\t\t\t\t<\/div>\n\t\t<\/section>\n\t\t\t\t<section class=\"elementor-section elementor-top-section elementor-element elementor-element-8fd741a elementor-section-boxed elementor-section-height-default elementor-section-height-default\" data-id=\"8fd741a\" data-element_type=\"section\">\n\t\t\t\t\t\t<div class=\"elementor-container elementor-column-gap-default\">\n\t\t\t\t\t<div class=\"elementor-column elementor-col-100 elementor-top-column elementor-element elementor-element-84ed093\" data-id=\"84ed093\" data-element_type=\"column\">\n\t\t\t<div class=\"elementor-widget-wrap elementor-element-populated\">\n\t\t\t\t\t\t<div class=\"elementor-element elementor-element-c80981a elementor-widget elementor-widget-text-editor\" data-id=\"c80981a\" data-element_type=\"widget\" data-widget_type=\"text-editor.default\">\n\t\t\t\t<div class=\"elementor-widget-container\">\n\t\t\t\t\t\t\t<p><span style=\"color: #000000;\"><strong>Ave\u021bi o \u00eentrebare? Contacta\u021bi-ne!<\/strong><\/span><\/p><p><strong><span style=\"color: #000000;\">Email: <\/span><a style=\"font-family: var( --e-global-typography-text-font-family ), Sans-serif; font-weight: var( --e-global-typography-text-font-weight );\" href=\"mailto:info@mspterapiacusare.ro\" target=\"_blank\" rel=\"noopener\">info@mspterapiacusare.ro<\/a><\/strong><\/p>\t\t\t\t\t\t<\/div>\n\t\t\t\t<\/div>\n\t\t\t\t\t<\/div>\n\t\t<\/div>\n\t\t\t\t\t<\/div>\n\t\t<\/section>\n\t\t\t\t<\/div>","protected":false},"excerpt":{"rendered":"<p>Megrendelem az MSP ker\u00e1mia s\u00f3inhal\u00e1tort 125 RON-\u00e9rt Egyet fizet, kett\u0151t kap akci\u00f3ban! FIGYELEM! 150 RON v\u00e1s\u00e1rl\u00e1si \u00f6sszeg felett ingyenes a sz\u00e1ll\u00edt\u00e1s! Tov\u00e1bb a P\u00e9nzt\u00e1rhoz Megrendelem az 1+1 MSP ker\u00e1mia s\u00f3inhal\u00e1tort 125 RON-\u00e9rt, \u00e9s rendelek hozz\u00e1 tartal\u00e9k s\u00f3zs\u00e1kot is 50 RON helyett most CSAK: 35 RON-\u00e9rt ugyancsak egyet fizet, kett\u0151t kap akci\u00f3ban. \u00cdgy ingyenes a sz\u00e1ll\u00edt\u00e1s! &#8230; <a title=\"Megrendel\u00e9s\" class=\"read-more\" href=\"https:\/\/mspterapiacusare.ro\/ro\/comanda\/\" aria-label=\"Read more about Megrendel\u00e9s\">Read more<\/a><\/p>","protected":false},"author":4,"featured_media":0,"parent":0,"menu_order":0,"comment_status":"closed","ping_status":"closed","template":"elementor_header_footer","meta":{"footnotes":""},"class_list":["post-3821","page","type-page","status-publish"],"_links":{"self":[{"href":"https:\/\/mspterapiacusare.ro\/ro\/wp-json\/wp\/v2\/pages\/3821","targetHints":{"allow":["GET"]}}],"collection":[{"href":"https:\/\/mspterapiacusare.ro\/ro\/wp-json\/wp\/v2\/pages"}],"about":[{"href":"https:\/\/mspterapiacusare.ro\/ro\/wp-json\/wp\/v2\/types\/page"}],"author":[{"embeddable":true,"href":"https:\/\/mspterapiacusare.ro\/ro\/wp-json\/wp\/v2\/users\/4"}],"replies":[{"embeddable":true,"href":"https:\/\/mspterapiacusare.ro\/ro\/wp-json\/wp\/v2\/comments?post=3821"}],"version-history":[{"count":16,"href":"https:\/\/mspterapiacusare.ro\/ro\/wp-json\/wp\/v2\/pages\/3821\/revisions"}],"predecessor-version":[{"id":5185,"href":"https:\/\/mspterapiacusare.ro\/ro\/wp-json\/wp\/v2\/pages\/3821\/revisions\/5185"}],"wp:attachment":[{"href":"https:\/\/mspterapiacusare.ro\/ro\/wp-json\/wp\/v2\/media?parent=3821"}],"curies":[{"name":"wp","href":"https:\/\/api.w.org\/{rel}","templated":true}]}}